{"id":825,"date":"2022-01-14T04:03:16","date_gmt":"2022-01-14T04:03:16","guid":{"rendered":"https:\/\/mthemeus.com\/demos\/wp\/xmoze\/?page_id=825"},"modified":"2024-02-22T23:06:12","modified_gmt":"2024-02-23T02:06:12","slug":"startup-business","status":"publish","type":"page","link":"https:\/\/alercesoftware.cl\/","title":{"rendered":"Inicio"},"content":{"rendered":"\t\t<div data-elementor-type=\"wp-page\" data-elementor-id=\"825\" class=\"elementor elementor-825\">\n\t\t\t\t\t\t<section class=\"elementor-section elementor-top-section elementor-element elementor-element-b8defab elementor-section-stretched elementor-section-boxed elementor-section-height-default elementor-section-height-default mas-addons-sticky-no\" data-id=\"b8defab\" data-element_type=\"section\" data-settings=\"{&quot;stretch_section&quot;:&quot;section-stretched&quot;,&quot;background_background&quot;:&quot;gradient&quot;,&quot;mas_addons_sticky&quot;:&quot;no&quot;}\">\n\t\t\t\t\t\t<div class=\"elementor-container elementor-column-gap-no\">\n\t\t\t\t\t<div class=\"elementor-column elementor-col-50 elementor-top-column elementor-element elementor-element-5d06b2a\" data-id=\"5d06b2a\" data-element_type=\"column\">\n\t\t\t<div class=\"elementor-widget-wrap elementor-element-populated\">\n\t\t\t\t\t\t<div class=\"elementor-element elementor-element-1fef71f elementor-widget__width-initial elementor-widget-mobile__width-initial mas-addons-sticky-no elementor-widget elementor-widget-heading\" data-id=\"1fef71f\" data-element_type=\"widget\" data-settings=\"{&quot;mas_addons_sticky&quot;:&quot;no&quot;}\" data-widget_type=\"heading.default\">\n\t\t\t\t<div class=\"elementor-widget-container\">\n\t\t\t<h1 class=\"elementor-heading-title elementor-size-default\"><b>Tu Centro M\u00e9dico en L\u00ednea<\/b><\/h1>\t\t<\/div>\n\t\t\t\t<\/div>\n\t\t\t\t<div class=\"elementor-element elementor-element-fb15cb7 mas-addons-sticky-no elementor-widget elementor-widget-text-editor\" data-id=\"fb15cb7\" data-element_type=\"widget\" data-settings=\"{&quot;mas_addons_sticky&quot;:&quot;no&quot;}\" data-widget_type=\"text-editor.default\">\n\t\t\t\t<div class=\"elementor-widget-container\">\n\t\t\t\t\t\t\t<p>Soluciones digitales para tu salud<\/p>\t\t\t\t\t\t<\/div>\n\t\t\t\t<\/div>\n\t\t\t\t<div class=\"elementor-element elementor-element-f3e53da elementor-widget-mobile__width-initial mas-addons-sticky-no elementor-widget elementor-widget-mas-creative-button\" data-id=\"f3e53da\" data-element_type=\"widget\" data-settings=\"{&quot;mas_addons_sticky&quot;:&quot;no&quot;}\" data-widget_type=\"mas-creative-button.default\">\n\t\t\t\t<div class=\"elementor-widget-container\">\n\t\t\t\t\t<div data-magnetic=\"no\" class=\"mas-creative-btn-wrap\">\r\n\t\t\t<a class=\"mas-creative-btn mas-stl--hermosa mas-eft--upward\" rel=\"nofollow\"><span>Agenda con nosotros<\/span><\/a>\r\n\t\t<\/div>\t\t<\/div>\n\t\t\t\t<\/div>\n\t\t\t\t\t<\/div>\n\t\t<\/div>\n\t\t\t\t<div class=\"elementor-column elementor-col-50 elementor-top-column elementor-element elementor-element-3046faf elementor-invisible\" data-id=\"3046faf\" data-element_type=\"column\" data-settings=\"{&quot;animation&quot;:&quot;fadeInRight&quot;,&quot;animation_delay&quot;:400}\">\n\t\t\t<div class=\"elementor-widget-wrap elementor-element-populated\">\n\t\t\t\t\t\t<div class=\"elementor-element elementor-element-71194e5 elementor-widget__width-initial elementor-widget-mobile__width-initial mas-addons-sticky-no elementor-widget elementor-widget-image\" data-id=\"71194e5\" data-element_type=\"widget\" data-settings=\"{&quot;mas_addons_sticky&quot;:&quot;no&quot;}\" data-widget_type=\"image.default\">\n\t\t\t\t<div class=\"elementor-widget-container\">\n\t\t\t\t\t\t\t\t\t\t\t\t\t<img fetchpriority=\"high\" decoding=\"async\" width=\"408\" height=\"612\" src=\"https:\/\/alercesoftware.cl\/wp-content\/uploads\/2024\/02\/pexels-antoni-shkraba-6749773-removebg-preview.png\" class=\"attachment-large size-large wp-image-11489\" alt=\"\" srcset=\"https:\/\/alercesoftware.cl\/wp-content\/uploads\/2024\/02\/pexels-antoni-shkraba-6749773-removebg-preview.png 408w, https:\/\/alercesoftware.cl\/wp-content\/uploads\/2024\/02\/pexels-antoni-shkraba-6749773-removebg-preview-200x300.png 200w\" sizes=\"(max-width: 408px) 100vw, 408px\" \/>\t\t\t\t\t\t\t\t\t\t\t\t\t<\/div>\n\t\t\t\t<\/div>\n\t\t\t\t\t<\/div>\n\t\t<\/div>\n\t\t\t\t\t<\/div>\n\t\t<\/section>\n\t\t\t\t<section class=\"elementor-section elementor-top-section elementor-element elementor-element-9c21e12 elementor-section-boxed elementor-section-height-default elementor-section-height-default mas-addons-sticky-no\" data-id=\"9c21e12\" data-element_type=\"section\" data-settings=\"{&quot;mas_addons_sticky&quot;:&quot;no&quot;}\">\n\t\t\t\t\t\t<div class=\"elementor-container elementor-column-gap-default\">\n\t\t\t\t\t<div class=\"elementor-column elementor-col-33 elementor-top-column elementor-element elementor-element-7ba6cff animated-slow elementor-invisible\" data-id=\"7ba6cff\" data-element_type=\"column\" data-settings=\"{&quot;animation&quot;:&quot;fadeIn&quot;}\">\n\t\t\t<div class=\"elementor-widget-wrap elementor-element-populated\">\n\t\t\t\t\t\t<div class=\"elementor-element elementor-element-4e317b7 mas-addons-sticky-no elementor-widget elementor-widget-mas-addons-icon-box\" data-id=\"4e317b7\" data-element_type=\"widget\" data-settings=\"{&quot;mas_addons_sticky&quot;:&quot;no&quot;}\" data-widget_type=\"mas-addons-icon-box.default\">\n\t\t\t\t<div class=\"elementor-widget-container\">\n\t\t\t\t\t\t<!-- box link  -->\n\t\t\t\t\t\t<!-- box link  -->\n\t\t<div class=\"mas-addons-feature-box-item mas-addons-feature-icon-left mas-addons-icon-position-top\">\n\n\t\t\t\t\t\t<div class=\"mas-addons-feature-icon-wrap icon-background-yes align-items-start\">\n\t\t\t\t<span class=\"mas-addons-feature-icon icon-type-image\">\n\t\t\t\t\t<img decoding=\"async\" src=\"https:\/\/alercesoftware.cl\/wp-content\/uploads\/2022\/01\/icon4.png\" title=\"icon4\" alt=\"icon4\" loading=\"lazy\" \/>\t\t\t\t<\/span>\n\t\t\t<\/div>\n\t\t\t\n\t\t\t<div class=\"mas-addons-feature-content-wrap\">\n\t\t\t\t<div class=\"mas-addons-feature-content\">\n\t\t\t\t\t\t\t\t\t\t<h4 class=\"mas-addons-feature-title\">Atenci\u00f3n profesional<\/h4>\n\t\t\t\t\t\t\t\t\t\t\n\t\t\t\t\t\t\t\t\t\t<p>Expertos de la salud a tu disposici\u00f3n para brindar el mejor diagn\u00f3stico f\u00edsico y mental.<\/p>\n\t\t\t\t\t\n\t\t\t\t\t\n\t\t\t\t<\/div>\n\t\t\t\t\t\t\t<\/div>\n\t\t\t\n\t\t<\/div>\n\t\t<!-- box link  -->\n\t\t\t\t\t<!-- box link  -->\n\t\t<\/div>\n\t\t\t\t<\/div>\n\t\t\t\t\t<\/div>\n\t\t<\/div>\n\t\t\t\t<div class=\"elementor-column elementor-col-33 elementor-top-column elementor-element elementor-element-f70f18f animated-slow elementor-invisible\" data-id=\"f70f18f\" data-element_type=\"column\" data-settings=\"{&quot;animation&quot;:&quot;fadeIn&quot;,&quot;animation_delay&quot;:400}\">\n\t\t\t<div class=\"elementor-widget-wrap elementor-element-populated\">\n\t\t\t\t\t\t<div class=\"elementor-element elementor-element-89820f8 mas-addons-sticky-no elementor-widget elementor-widget-mas-addons-icon-box\" data-id=\"89820f8\" data-element_type=\"widget\" data-settings=\"{&quot;mas_addons_sticky&quot;:&quot;no&quot;}\" data-widget_type=\"mas-addons-icon-box.default\">\n\t\t\t\t<div class=\"elementor-widget-container\">\n\t\t\t\t\t\t<!-- box link  -->\n\t\t\t\t\t\t<!-- box link  -->\n\t\t<div class=\"mas-addons-feature-box-item mas-addons-feature-icon-left mas-addons-icon-position-top\">\n\n\t\t\t\t\t\t<div class=\"mas-addons-feature-icon-wrap icon-background-yes align-items-start\">\n\t\t\t\t<span class=\"mas-addons-feature-icon icon-type-image\">\n\t\t\t\t\t<img decoding=\"async\" src=\"https:\/\/alercesoftware.cl\/wp-content\/uploads\/2022\/01\/icon6.png\" title=\"icon6\" alt=\"icon6\" loading=\"lazy\" \/>\t\t\t\t<\/span>\n\t\t\t<\/div>\n\t\t\t\n\t\t\t<div class=\"mas-addons-feature-content-wrap\">\n\t\t\t\t<div class=\"mas-addons-feature-content\">\n\t\t\t\t\t\t\t\t\t\t<h4 class=\"mas-addons-feature-title\">Salud a la medida<\/h4>\n\t\t\t\t\t\t\t\t\t\t\n\t\t\t\t\t\t\t\t\t\t<p>Un m\u00e9dico y servicio a tu medida, con experiencia y emp\u00e1tico de tus necesidades.<\/p>\n\t\t\t\t\t\n\t\t\t\t\t\n\t\t\t\t<\/div>\n\t\t\t\t\t\t\t<\/div>\n\t\t\t\n\t\t<\/div>\n\t\t<!-- box link  -->\n\t\t\t\t\t<!-- box link  -->\n\t\t<\/div>\n\t\t\t\t<\/div>\n\t\t\t\t\t<\/div>\n\t\t<\/div>\n\t\t\t\t<div class=\"elementor-column elementor-col-33 elementor-top-column elementor-element elementor-element-cf307d9 animated-slow elementor-invisible\" data-id=\"cf307d9\" data-element_type=\"column\" data-settings=\"{&quot;animation&quot;:&quot;fadeIn&quot;,&quot;animation_delay&quot;:600}\">\n\t\t\t<div class=\"elementor-widget-wrap elementor-element-populated\">\n\t\t\t\t\t\t<div class=\"elementor-element elementor-element-33bb3d8 mas-addons-sticky-no elementor-widget elementor-widget-mas-addons-icon-box\" data-id=\"33bb3d8\" data-element_type=\"widget\" data-settings=\"{&quot;mas_addons_sticky&quot;:&quot;no&quot;}\" data-widget_type=\"mas-addons-icon-box.default\">\n\t\t\t\t<div class=\"elementor-widget-container\">\n\t\t\t\t\t\t<!-- box link  -->\n\t\t\t\t\t\t<!-- box link  -->\n\t\t<div class=\"mas-addons-feature-box-item mas-addons-feature-icon-left mas-addons-icon-position-top\">\n\n\t\t\t\t\t\t<div class=\"mas-addons-feature-icon-wrap icon-background-yes align-items-start\">\n\t\t\t\t<span class=\"mas-addons-feature-icon icon-type-image\">\n\t\t\t\t\t<img decoding=\"async\" src=\"https:\/\/alercesoftware.cl\/wp-content\/uploads\/2022\/01\/icon7.png\" title=\"icon7\" alt=\"icon7\" loading=\"lazy\" \/>\t\t\t\t<\/span>\n\t\t\t<\/div>\n\t\t\t\n\t\t\t<div class=\"mas-addons-feature-content-wrap\">\n\t\t\t\t<div class=\"mas-addons-feature-content\">\n\t\t\t\t\t\t\t\t\t\t<h4 class=\"mas-addons-feature-title\">Desde tu hogar<\/h4>\n\t\t\t\t\t\t\t\t\t\t\n\t\t\t\t\t\t\t\t\t\t<p>Conveniente para tu estilo de vida, sin filas y sin esperas, un especialista para tu elecci\u00f3n. <\/p>\n\t\t\t\t\t\n\t\t\t\t\t\n\t\t\t\t<\/div>\n\t\t\t\t\t\t\t<\/div>\n\t\t\t\n\t\t<\/div>\n\t\t<!-- box link  -->\n\t\t\t\t\t<!-- box link  -->\n\t\t<\/div>\n\t\t\t\t<\/div>\n\t\t\t\t\t<\/div>\n\t\t<\/div>\n\t\t\t\t\t<\/div>\n\t\t<\/section>\n\t\t\t\t<section class=\"elementor-section elementor-top-section elementor-element elementor-element-9d9cdd1 elementor-section-boxed elementor-section-height-default elementor-section-height-default mas-addons-sticky-no\" data-id=\"9d9cdd1\" data-element_type=\"section\" data-settings=\"{&quot;mas_addons_sticky&quot;:&quot;no&quot;}\">\n\t\t\t\t\t\t<div class=\"elementor-container elementor-column-gap-default\">\n\t\t\t\t\t<div class=\"elementor-column elementor-col-100 elementor-top-column elementor-element elementor-element-7f7f96e\" data-id=\"7f7f96e\" data-element_type=\"column\">\n\t\t\t<div class=\"elementor-widget-wrap elementor-element-populated\">\n\t\t\t\t\t\t<section class=\"elementor-section elementor-inner-section elementor-element elementor-element-861a2ca elementor-section-full_width elementor-section-height-default elementor-section-height-default mas-addons-sticky-no\" data-id=\"861a2ca\" data-element_type=\"section\" data-settings=\"{&quot;background_background&quot;:&quot;gradient&quot;,&quot;mas_addons_sticky&quot;:&quot;no&quot;}\">\n\t\t\t\t\t\t<div class=\"elementor-container elementor-column-gap-no\">\n\t\t\t\t\t<div class=\"elementor-column elementor-col-100 elementor-inner-column elementor-element elementor-element-af423f3\" data-id=\"af423f3\" data-element_type=\"column\">\n\t\t\t<div class=\"elementor-widget-wrap elementor-element-populated\">\n\t\t\t\t\t\t<div class=\"elementor-element elementor-element-4ac8ece elementor-widget__width-initial elementor-widget-mobile__width-initial mas-addons-sticky-no elementor-widget elementor-widget-heading\" data-id=\"4ac8ece\" data-element_type=\"widget\" data-settings=\"{&quot;mas_addons_sticky&quot;:&quot;no&quot;}\" data-widget_type=\"heading.default\">\n\t\t\t\t<div class=\"elementor-widget-container\">\n\t\t\t<h2 class=\"elementor-heading-title elementor-size-default\">Centro m\u00e9dico digital que funciona y que incluye:<br><br>\u2705 Telemedicina<br><br>\n\u2705 Historial Cl\u00ednico<br><br>\n\u2705 Almacenamiento <br><br>\n\u2705 Especialidades<br><\/h2>\t\t<\/div>\n\t\t\t\t<\/div>\n\t\t\t\t<div class=\"elementor-element elementor-element-6a388e3 elementor-widget__width-initial mas-addons-sticky-no elementor-widget elementor-widget-image\" data-id=\"6a388e3\" data-element_type=\"widget\" data-settings=\"{&quot;mas_addons_sticky&quot;:&quot;no&quot;}\" data-widget_type=\"image.default\">\n\t\t\t\t<div class=\"elementor-widget-container\">\n\t\t\t\t\t\t\t\t\t\t\t\t\t<img decoding=\"async\" width=\"306\" height=\"451\" src=\"https:\/\/alercesoftware.cl\/wp-content\/uploads\/2024\/02\/pexels-karolina-grabowska-5207087-removebg-preview-e1708630402692.png\" class=\"attachment-large size-large wp-image-11585\" alt=\"\" srcset=\"https:\/\/alercesoftware.cl\/wp-content\/uploads\/2024\/02\/pexels-karolina-grabowska-5207087-removebg-preview-e1708630402692.png 306w, https:\/\/alercesoftware.cl\/wp-content\/uploads\/2024\/02\/pexels-karolina-grabowska-5207087-removebg-preview-e1708630402692-204x300.png 204w\" sizes=\"(max-width: 306px) 100vw, 306px\" \/>\t\t\t\t\t\t\t\t\t\t\t\t\t<\/div>\n\t\t\t\t<\/div>\n\t\t\t\t\t<\/div>\n\t\t<\/div>\n\t\t\t\t\t<\/div>\n\t\t<\/section>\n\t\t\t\t\t<\/div>\n\t\t<\/div>\n\t\t\t\t\t<\/div>\n\t\t<\/section>\n\t\t\t\t<section class=\"elementor-section elementor-top-section elementor-element elementor-element-8c27dcf elementor-section-boxed elementor-section-height-default elementor-section-height-default mas-addons-sticky-no\" data-id=\"8c27dcf\" data-element_type=\"section\" data-settings=\"{&quot;background_background&quot;:&quot;classic&quot;,&quot;mas_addons_sticky&quot;:&quot;no&quot;}\">\n\t\t\t\t\t\t<div class=\"elementor-container elementor-column-gap-default\">\n\t\t\t\t\t<div class=\"elementor-column elementor-col-50 elementor-top-column elementor-element elementor-element-82e7470 elementor-invisible\" data-id=\"82e7470\" data-element_type=\"column\" data-settings=\"{&quot;animation&quot;:&quot;fadeInLeft&quot;,&quot;animation_delay&quot;:400}\">\n\t\t\t<div class=\"elementor-widget-wrap elementor-element-populated\">\n\t\t\t\t\t\t<div class=\"elementor-element elementor-element-86e196b mas-addons-sticky-no elementor-widget elementor-widget-image\" data-id=\"86e196b\" data-element_type=\"widget\" data-settings=\"{&quot;mas_addons_sticky&quot;:&quot;no&quot;}\" data-widget_type=\"image.default\">\n\t\t\t\t<div class=\"elementor-widget-container\">\n\t\t\t\t\t\t\t\t\t\t\t\t\t<img decoding=\"async\" width=\"1024\" height=\"683\" src=\"https:\/\/alercesoftware.cl\/wp-content\/uploads\/2024\/02\/pexels-karolina-grabowska-4386466-1024x683.jpg\" class=\"attachment-large size-large wp-image-11558\" alt=\"\" srcset=\"https:\/\/alercesoftware.cl\/wp-content\/uploads\/2024\/02\/pexels-karolina-grabowska-4386466-1024x683.jpg 1024w, https:\/\/alercesoftware.cl\/wp-content\/uploads\/2024\/02\/pexels-karolina-grabowska-4386466-300x200.jpg 300w, https:\/\/alercesoftware.cl\/wp-content\/uploads\/2024\/02\/pexels-karolina-grabowska-4386466-768x512.jpg 768w, https:\/\/alercesoftware.cl\/wp-content\/uploads\/2024\/02\/pexels-karolina-grabowska-4386466-1536x1024.jpg 1536w, https:\/\/alercesoftware.cl\/wp-content\/uploads\/2024\/02\/pexels-karolina-grabowska-4386466-2048x1365.jpg 2048w, https:\/\/alercesoftware.cl\/wp-content\/uploads\/2024\/02\/pexels-karolina-grabowska-4386466-492x328.jpg 492w\" sizes=\"(max-width: 1024px) 100vw, 1024px\" \/>\t\t\t\t\t\t\t\t\t\t\t\t\t<\/div>\n\t\t\t\t<\/div>\n\t\t\t\t\t<\/div>\n\t\t<\/div>\n\t\t\t\t<div class=\"elementor-column elementor-col-50 elementor-top-column elementor-element elementor-element-d6e9aab\" data-id=\"d6e9aab\" data-element_type=\"column\">\n\t\t\t<div class=\"elementor-widget-wrap elementor-element-populated\">\n\t\t\t\t\t\t<div class=\"elementor-element elementor-element-5906777 mas-addons-sticky-no elementor-widget elementor-widget-heading\" data-id=\"5906777\" data-element_type=\"widget\" data-settings=\"{&quot;mas_addons_sticky&quot;:&quot;no&quot;}\" data-widget_type=\"heading.default\">\n\t\t\t\t<div class=\"elementor-widget-container\">\n\t\t\t<h2 class=\"elementor-heading-title elementor-size-default\">Soluciones m\u00e9dicas en tu hogar<\/h2>\t\t<\/div>\n\t\t\t\t<\/div>\n\t\t\t\t<div class=\"elementor-element elementor-element-16fe4d3 mas-addons-sticky-no elementor-widget elementor-widget-text-editor\" data-id=\"16fe4d3\" data-element_type=\"widget\" data-settings=\"{&quot;mas_addons_sticky&quot;:&quot;no&quot;}\" data-widget_type=\"text-editor.default\">\n\t\t\t\t<div class=\"elementor-widget-container\">\n\t\t\t\t\t\t\t<p>S\u00famate a la salud en l\u00ednea y olv\u00eddate de esperar por tu atenci\u00f3n. Agenda con nuestros especialistas tu consulta m\u00e9dica.\u00a0<\/p>\t\t\t\t\t\t<\/div>\n\t\t\t\t<\/div>\n\t\t\t\t<div class=\"elementor-element elementor-element-d0d37ad elementor-widget__width-auto mas-addons-sticky-no elementor-widget elementor-widget-counter\" data-id=\"d0d37ad\" data-element_type=\"widget\" data-settings=\"{&quot;mas_addons_sticky&quot;:&quot;no&quot;}\" data-widget_type=\"counter.default\">\n\t\t\t\t<div class=\"elementor-widget-container\">\n\t\t\t\t\t<div class=\"elementor-counter\">\n\t\t\t<div class=\"elementor-counter-title\">Especialidades<\/div>\t\t\t<div class=\"elementor-counter-number-wrapper\">\n\t\t\t\t<span class=\"elementor-counter-number-prefix\"><\/span>\n\t\t\t\t<span class=\"elementor-counter-number\" data-duration=\"5000\" data-to-value=\"5\" data-from-value=\"0\" data-delimiter=\",\">0<\/span>\n\t\t\t\t<span class=\"elementor-counter-number-suffix\">+<\/span>\n\t\t\t<\/div>\n\t\t<\/div>\n\t\t\t\t<\/div>\n\t\t\t\t<\/div>\n\t\t\t\t<div class=\"elementor-element elementor-element-bc89c88 elementor-widget__width-initial mas-addons-sticky-no elementor-widget elementor-widget-counter\" data-id=\"bc89c88\" data-element_type=\"widget\" data-settings=\"{&quot;mas_addons_sticky&quot;:&quot;no&quot;}\" data-widget_type=\"counter.default\">\n\t\t\t\t<div class=\"elementor-widget-container\">\n\t\t\t\t\t<div class=\"elementor-counter\">\n\t\t\t<div class=\"elementor-counter-title\">Expertos<\/div>\t\t\t<div class=\"elementor-counter-number-wrapper\">\n\t\t\t\t<span class=\"elementor-counter-number-prefix\"><\/span>\n\t\t\t\t<span class=\"elementor-counter-number\" data-duration=\"5000\" data-to-value=\"10\" data-from-value=\"0\" data-delimiter=\",\">0<\/span>\n\t\t\t\t<span class=\"elementor-counter-number-suffix\">+<\/span>\n\t\t\t<\/div>\n\t\t<\/div>\n\t\t\t\t<\/div>\n\t\t\t\t<\/div>\n\t\t\t\t<div class=\"elementor-element elementor-element-6f2348f mas-addons-sticky-no elementor-widget elementor-widget-mas-creative-button\" data-id=\"6f2348f\" data-element_type=\"widget\" data-settings=\"{&quot;mas_addons_sticky&quot;:&quot;no&quot;}\" data-widget_type=\"mas-creative-button.default\">\n\t\t\t\t<div class=\"elementor-widget-container\">\n\t\t\t\t\t<div data-magnetic=\"no\" class=\"mas-creative-btn-wrap\">\r\n\t\t\t<a class=\"mas-creative-btn mas-stl--hermosa mas-eft--upward\" rel=\"nofollow\"><span>Agenda con nosotros<\/span><\/a>\r\n\t\t<\/div>\t\t<\/div>\n\t\t\t\t<\/div>\n\t\t\t\t\t<\/div>\n\t\t<\/div>\n\t\t\t\t\t<\/div>\n\t\t<\/section>\n\t\t\t\t<section class=\"elementor-section elementor-top-section elementor-element elementor-element-f8c8271 elementor-section-full_width elementor-section-height-default elementor-section-height-default mas-addons-sticky-no\" data-id=\"f8c8271\" data-element_type=\"section\" data-settings=\"{&quot;background_background&quot;:&quot;classic&quot;,&quot;mas_addons_sticky&quot;:&quot;no&quot;}\">\n\t\t\t\t\t\t<div class=\"elementor-container elementor-column-gap-default\">\n\t\t\t\t\t<div class=\"elementor-column elementor-col-100 elementor-top-column elementor-element elementor-element-98480d9\" data-id=\"98480d9\" data-element_type=\"column\">\n\t\t\t<div class=\"elementor-widget-wrap elementor-element-populated\">\n\t\t\t\t\t\t<div class=\"elementor-element elementor-element-60eca35 elementor-widget__width-auto mas-addons-sticky-no elementor-widget elementor-widget-image\" data-id=\"60eca35\" data-element_type=\"widget\" data-settings=\"{&quot;mas_addons_sticky&quot;:&quot;no&quot;}\" data-widget_type=\"image.default\">\n\t\t\t\t<div class=\"elementor-widget-container\">\n\t\t\t\t\t\t\t\t\t\t\t\t\t<img loading=\"lazy\" decoding=\"async\" width=\"100\" height=\"122\" src=\"https:\/\/alercesoftware.cl\/wp-content\/uploads\/2022\/01\/service-shape-01.png\" class=\"attachment-large size-large wp-image-1320\" alt=\"\" \/>\t\t\t\t\t\t\t\t\t\t\t\t\t<\/div>\n\t\t\t\t<\/div>\n\t\t\t\t<section class=\"elementor-section elementor-inner-section elementor-element elementor-element-e2f0e6b elementor-section-boxed elementor-section-height-default elementor-section-height-default mas-addons-sticky-no\" data-id=\"e2f0e6b\" data-element_type=\"section\" data-settings=\"{&quot;mas_addons_sticky&quot;:&quot;no&quot;}\">\n\t\t\t\t\t\t<div class=\"elementor-container elementor-column-gap-default\">\n\t\t\t\t\t<div class=\"elementor-column elementor-col-100 elementor-inner-column elementor-element elementor-element-7a26657\" data-id=\"7a26657\" data-element_type=\"column\">\n\t\t\t<div class=\"elementor-widget-wrap elementor-element-populated\">\n\t\t\t\t\t\t<div class=\"elementor-element elementor-element-f59e7ad mas-addons-sticky-no elementor-widget elementor-widget-heading\" data-id=\"f59e7ad\" data-element_type=\"widget\" data-settings=\"{&quot;mas_addons_sticky&quot;:&quot;no&quot;}\" data-widget_type=\"heading.default\">\n\t\t\t\t<div class=\"elementor-widget-container\">\n\t\t\t<h2 class=\"elementor-heading-title elementor-size-default\">Mi Salud Online<\/h2>\t\t<\/div>\n\t\t\t\t<\/div>\n\t\t\t\t<div class=\"elementor-element elementor-element-2e8eaaa mas-addons-sticky-no elementor-widget elementor-widget-text-editor\" data-id=\"2e8eaaa\" data-element_type=\"widget\" data-settings=\"{&quot;mas_addons_sticky&quot;:&quot;no&quot;}\" data-widget_type=\"text-editor.default\">\n\t\t\t\t<div class=\"elementor-widget-container\">\n\t\t\t\t\t\t\t<p>No solo tenemos telemedicina, sino que incorporamos nuestro sistema RAI, RISMAT y agenda en l\u00ednea.<\/p>\t\t\t\t\t\t<\/div>\n\t\t\t\t<\/div>\n\t\t\t\t<div class=\"elementor-element elementor-element-d516a3c elementor-widget__width-auto elementor-hidden-tablet elementor-hidden-mobile mas-addons-sticky-no elementor-widget elementor-widget-image\" data-id=\"d516a3c\" data-element_type=\"widget\" data-settings=\"{&quot;mas_addons_sticky&quot;:&quot;no&quot;}\" data-widget_type=\"image.default\">\n\t\t\t\t<div class=\"elementor-widget-container\">\n\t\t\t\t\t\t\t\t\t\t\t\t\t<img loading=\"lazy\" decoding=\"async\" width=\"342\" height=\"190\" src=\"https:\/\/alercesoftware.cl\/wp-content\/uploads\/2022\/01\/service-shape-03.png\" class=\"attachment-large size-large wp-image-1322\" alt=\"\" srcset=\"https:\/\/alercesoftware.cl\/wp-content\/uploads\/2022\/01\/service-shape-03.png 342w, https:\/\/alercesoftware.cl\/wp-content\/uploads\/2022\/01\/service-shape-03-300x167.png 300w\" sizes=\"(max-width: 342px) 100vw, 342px\" \/>\t\t\t\t\t\t\t\t\t\t\t\t\t<\/div>\n\t\t\t\t<\/div>\n\t\t\t\t\t<\/div>\n\t\t<\/div>\n\t\t\t\t\t<\/div>\n\t\t<\/section>\n\t\t\t\t<section class=\"elementor-section elementor-inner-section elementor-element elementor-element-fe8846e elementor-section-boxed elementor-section-height-default elementor-section-height-default mas-addons-sticky-no\" data-id=\"fe8846e\" data-element_type=\"section\" data-settings=\"{&quot;mas_addons_sticky&quot;:&quot;no&quot;}\">\n\t\t\t\t\t\t<div class=\"elementor-container elementor-column-gap-default\">\n\t\t\t\t\t<div class=\"elementor-column elementor-col-100 elementor-inner-column elementor-element elementor-element-c9ed398\" data-id=\"c9ed398\" data-element_type=\"column\">\n\t\t\t<div class=\"elementor-widget-wrap\">\n\t\t\t\t\t\t\t<\/div>\n\t\t<\/div>\n\t\t\t\t\t<\/div>\n\t\t<\/section>\n\t\t\t\t\t<\/div>\n\t\t<\/div>\n\t\t\t\t\t<\/div>\n\t\t<\/section>\n\t\t\t\t<section class=\"elementor-section elementor-top-section elementor-element elementor-element-a8d7a83 elementor-section-boxed elementor-section-height-default elementor-section-height-default mas-addons-sticky-no\" data-id=\"a8d7a83\" data-element_type=\"section\" data-settings=\"{&quot;background_background&quot;:&quot;classic&quot;,&quot;mas_addons_sticky&quot;:&quot;no&quot;}\">\n\t\t\t\t\t\t<div class=\"elementor-container elementor-column-gap-default\">\n\t\t\t\t\t<div class=\"elementor-column elementor-col-100 elementor-top-column elementor-element elementor-element-b1b2769\" data-id=\"b1b2769\" data-element_type=\"column\">\n\t\t\t<div class=\"elementor-widget-wrap\">\n\t\t\t\t\t\t\t<\/div>\n\t\t<\/div>\n\t\t\t\t\t<\/div>\n\t\t<\/section>\n\t\t\t\t<\/div>\n\t\t","protected":false},"excerpt":{"rendered":"<p>Tu Centro M\u00e9dico en L\u00ednea Soluciones digitales para tu salud Agenda con nosotros Atenci\u00f3n profesional Expertos de la salud a tu disposici\u00f3n para brindar el mejor diagn\u00f3stico f\u00edsico y mental. Salud a la medida Un m\u00e9dico y servicio a tu medida, con experiencia y emp\u00e1tico de tus necesidades. Desde tu hogar Conveniente para tu estilo [&hellip;]<\/p>\n","protected":false},"author":1,"featured_media":11634,"parent":0,"menu_order":0,"comment_status":"closed","ping_status":"closed","template":"elementor_header_footer","meta":{"inline_featured_image":false,"_monsterinsights_skip_tracking":false,"_monsterinsights_sitenote_active":false,"_monsterinsights_sitenote_note":"","_monsterinsights_sitenote_category":0,"footnotes":""},"class_list":["post-825","page","type-page","status-publish","has-post-thumbnail","hentry"],"acf":[],"aioseo_notices":[],"_links":{"self":[{"href":"https:\/\/alercesoftware.cl\/index.php?rest_route=\/wp\/v2\/pages\/825","targetHints":{"allow":["GET"]}}],"collection":[{"href":"https:\/\/alercesoftware.cl\/index.php?rest_route=\/wp\/v2\/pages"}],"about":[{"href":"https:\/\/alercesoftware.cl\/index.php?rest_route=\/wp\/v2\/types\/page"}],"author":[{"embeddable":true,"href":"https:\/\/alercesoftware.cl\/index.php?rest_route=\/wp\/v2\/users\/1"}],"replies":[{"embeddable":true,"href":"https:\/\/alercesoftware.cl\/index.php?rest_route=%2Fwp%2Fv2%2Fcomments&post=825"}],"version-history":[{"count":179,"href":"https:\/\/alercesoftware.cl\/index.php?rest_route=\/wp\/v2\/pages\/825\/revisions"}],"predecessor-version":[{"id":11769,"href":"https:\/\/alercesoftware.cl\/index.php?rest_route=\/wp\/v2\/pages\/825\/revisions\/11769"}],"wp:featuredmedia":[{"embeddable":true,"href":"https:\/\/alercesoftware.cl\/index.php?rest_route=\/wp\/v2\/media\/11634"}],"wp:attachment":[{"href":"https:\/\/alercesoftware.cl\/index.php?rest_route=%2Fwp%2Fv2%2Fmedia&parent=825"}],"curies":[{"name":"wp","href":"https:\/\/api.w.org\/{rel}","templated":true}]}}